{"id":8258,"date":"2020-02-28T11:46:32","date_gmt":"2020-02-28T11:46:32","guid":{"rendered":"https:\/\/staging-dl.filasolutions.com\/?page_id=8258"},"modified":"2020-02-28T11:46:32","modified_gmt":"2020-02-28T11:46:32","slug":"privacy-policy","status":"publish","type":"page","link":"https:\/\/download.filasolutions.com\/de\/privacy-policy\/","title":{"rendered":"Privacy policy"},"content":{"rendered":"<div class=\"wpb-content-wrapper\"><p>[vc_row css=&#8221;.vc_custom_1576159875451{padding-top: 30px !important;}&#8221;][vc_column]<div class=\"thim-widget-heading template-base\"><div class=\"sc_heading  \"><h2 class=\"title\">INFORMATIONEN ZUR DATENVERARBEITUNG<\/h2><p class=\"sub-heading\" style=\"color:#333333;\">gem\u00e4\u00df Art. 13 der Datenschutzgrundverordnung (EU) 2016\/679<\/p><\/div><\/div>[vc_column_text]Wir sind die Gesellschaft <strong>FILA INDUSTRIA CHIMICA S.P.A.<\/strong> (im Folgenden nur \u201eFILA\u201d genannt), USt-IdNr. IT00229240288, mit Sitz in San Martino di Lupari (PD), Via Garibaldi Nr. 58, und als \u201eVerantwortlicher\u201c f\u00fcr den Schutz, die Sicherheit und die rechtm\u00e4\u00dfige Verwendung Ihrer Daten verantwortlich.<br \/>\nWir informieren Sie, dass dieses Informationsschreiben nur f\u00fcr die Website www.filasolutions.com und den damit verbundenen Blog verfasst wird, jedoch nicht f\u00fcr andere eventuell \u00fcber externe Links besuchte Websites gilt und daher als Informationsschreiben gem\u00e4\u00df Art. 13 der einschl\u00e4gigen Bestimmungen an diejenigen zu verstehen ist, die mit der Website bzw. mit dem damit verbundenen Blog interagieren. All dies gem\u00e4\u00df der Empfehlung Nr. 2\/2001 in Bezug auf die Mindestanforderungen f\u00fcr die Online-Datenerfassung in der Europ\u00e4ischen Union, die am 17. Mai 2001 von der Arbeitsgruppe Artikel 29 ergangen ist.<br \/>\n1. <strong>Verantwortlicher<\/strong><br \/>\nSie k\u00f6nnen sich unter der E-Mail-Adresse info@filasolutions.it bzw. unter der Telefonnummer 049\/9467300 jederzeit an den \u201eVerantwortlichen\u201c Fila Industria Chimica S.p.A. wenden, um Informationen zu erhalten und\/oder auf eventuelle Probleme hinzuweisen.<br \/>\n2. <strong>Zweck und Rechtsgrundlage der Datenverarbeitung.<\/strong><br \/>\nIhre Daten werden ausschlie\u00dflich zu den folgenden Zwecken verarbeitet:<br \/>\na) um es dem eigens dazu eingesetzten Personal von FILA zu gestatten, jederzeit Ihre Informationsanfragen, Ihre Benachrichtigungen sowie Ihre Kundendienstanfragen bearbeiten zu k\u00f6nnen;<br \/>\nb) um den sich aus den mit Ihnen bestehenden Beziehungen ergebenden vorvertraglichen, vertraglichen und steuerlichen Verpflichtungen nachzukommen;<br \/>\nc) zur Erf\u00fcllung der vom Gesetz, einer Verordnung, den Gemeinschaftsbestimmungen oder einer beh\u00f6rdlichen Anordnung vorgesehene Verpflichtungen;<br \/>\nd) zur Geltendmachung oder Verteidigung eines Rechts bei Gerichts- sowie Verwaltungs- oder Schieds- oder Schlichtungsverfahren in den gesetzlich, von den Gemeinschaftsvorschriften und von den Verordnungen vorgesehenen F\u00e4llen.<br \/>\nNach Ihrer ausdr\u00fccklichen Einwilligung k\u00f6nnen die von Ihnen spontan erteilten bzw. die \u00fcber die Cookies der Website erfassten Navigationsdaten von Seiten des Verantwortlichen auch zu den folgenden Zwecken verarbeitet werden:<br \/>\ne) zur Durchf\u00fchrung von Marketingaktivit\u00e4ten nach Abonnierung unseres Newsletters bzw. mittels Versand von E-Mails und\/oder automatischen und\/oder telefonischen Nachrichten bez\u00fcglich Verkaufsangeboten und -initiativen von Produkten oder Dienstleistungen von FILA sowie Marktforschungen oder anderen vom Verantwortlichen geplanten Initiativen hinsichtlich der Kundenzufriedenheit;<br \/>\nf) zur individuellen Gestaltung unserer Verkaufsangebote und -initiativen f\u00fcr Sie pers\u00f6nlich basierend auf Ihren spezifischen Anforderungen, Vorlieben und Verkaufsgewohnheiten.<br \/>\n3. <strong>Art und Weise der Datenverarbeitung.<\/strong><br \/>\nDie Verarbeitung erfolgt mittels der folgenden Vorg\u00e4nge oder Vorgangsabfolgen: Sammlung, Registrierung, Organisation, Strukturierung, Speicherung, Anpassung oder \u00c4nderung, Extraktion, Konsultation, Verwendung, Mitteilung durch \u00dcbertragung, Verbreitung oder jegliche andere Form der Zurverf\u00fcgungstellung, Gegen\u00fcberstellung oder Zusammenlegung, Beschr\u00e4nkung, L\u00f6schung oder Vernichtung der Daten.<br \/>\nZur Archivierung und Verarbeitung Ihrer Daten verwenden wir auch automatisierte Systeme, f\u00fcr die wir angemessene technische und organisatorische Sicherheitsma\u00dfnahmen getroffen haben.<br \/>\nDie Daten werden f\u00fcr keine auf automatisierter Verarbeitung basierenden Entscheidungsprozesse, einschlie\u00dflich der Profilerstellung, verwendet, k\u00f6nnen jedoch in einen der Mitgliedstaaten der Europ\u00e4ischen Union \u00fcbertragen werden.<br \/>\n4. <strong>Mitteilung der Daten und Empf\u00e4ngerkategorien.<\/strong><br \/>\nWir informieren Sie weiterhin, dass Ihre Daten zuvor festgelegten Empf\u00e4ngern mitgeteilt werden k\u00f6nnen, mit denen spezifische Auftr\u00e4ge und\/oder Vertr\u00e4ge unterzeichnet wurden, die auch die Bedingungen der in unserem Namen durchgef\u00fchrten Datenverarbeitung regeln und die Vertraulichkeit sowie angemessene Sicherheitsma\u00dfnahmen bei der Datenverarbeitung mit sich bringen, darunter u. a.:<br \/>\n&#8211; Besch\u00e4ftigte und Mitarbeiter von FILA;<br \/>\n&#8211; Gesellschaften oder Fachb\u00fcros, die FILA bei der Buchhaltung, Verwaltung, in rechtlichen Angelegenheiten, Steuer- und Finanzfragen betreuen, beraten oder diesbez\u00fcglich mit FILA zusammenarbeiten;<br \/>\n&#8211; Drittunternehmen zur Ausf\u00fchrung von mit der Verfolgung der oben angegebenen Ziele verbundenen spezifischen T\u00e4tigkeiten (z. B. Webmarketing; Verwaltung und technologische Wartung der Web-Plattform, Marktforschungen).<br \/>\nDie personenbezogenen Daten k\u00f6nnen in jedem Fall Gerichtsbeh\u00f6rden in Aus\u00fcbung ihrer Funktionen mitgeteilt werden, wenn dies vom in der Europ\u00e4ischen Union und in den Mitgliedstaaten geltenden Recht verlangt wird.<br \/>\nSelbstverst\u00e4ndlich haben Sie jederzeit das Recht, vom Inhaber eine aktualisierte und vollst\u00e4ndige Liste der wie oben angegebenen vorher festgelegten Empf\u00e4nger zu verlangen.<br \/>\n5. <strong>Zeitraum der Datenspeicherung<\/strong><br \/>\nIhre Daten werden in unseren Archiven f\u00fcr einen zum Verfolgen der oben angegebenen Ziele unbedingt notwendigen Zeitraum gespeichert, au\u00dfer das Recht der Europ\u00e4ischen Union oder der Mitgliedstaaten sieht l\u00e4ngere Speicherzeiten zum Schutz der rechtm\u00e4\u00dfigen Interessen des Verantwortlichen und\/oder zur Erf\u00fcllung gesetzlicher Verpflichtungen vor.<br \/>\nNach Ablauf dieses Zeitraums werden die Daten gel\u00f6scht\/vernichtet.<br \/>\n6. <strong>Pflicht\/Freiwilligkeit der Mitteilung Ihrer personenbezogenen Daten<\/strong><br \/>\nEs wird darauf hingewiesen, dass die Offenlegung Ihrer personenbezogenen Daten zum Zweck der Beantwortung Ihrer Anfragen (Informationen, Benachrichtigungen, technischer Kundendienst) durch das eigens dazu eingesetzte Personal von FILA notwendig ist. Daher ist FILA im Fall der nicht erfolgten Mitteilung nicht in der Lage, den Anfragen Folge zu leisten.<br \/>\nWas die zu Marketing- und Profilerstellungszwecken angegebenen Daten betrifft (Buchst. e und f), wird darauf hingewiesen, dass die Mitteilung freiwillig erfolgt und FILA zur Verarbeitung zu diesen Zwecken nur nach Einholung Ihrer Einwilligung und bis zum eventuellen Widerruf derselben befugt ist.<br \/>\n7. <strong>Rechte der betroffenen Person.<\/strong><br \/>\nWir sind dazu verpflichtet, Ihnen alle Fragen zur Art und zum Zweck der Verarbeitung Ihrer Daten zu beantworten. Wir sind ebenfalls dazu verpflichtet, unkorrekte Daten zu berichtigen, unvollst\u00e4ndige Daten zu erg\u00e4nzen und nicht mehr aktuelle Daten zu aktualisieren. Zudem sind wir auch dazu verpflichtet, die Daten zu l\u00f6schen und ihre Verarbeitung zu rechtm\u00e4\u00dfigen Zwecken einzuschr\u00e4nken sowie Ihnen und\/oder von Ihnen angegebenen Dritten die Daten mitzuteilen. Wir sind dazu verpflichtet, die Verarbeitung zu unterbrechen, falls Sie damit nicht mehr einverstanden sein sollten, es sei denn es besteht unsererseits ein Interesse und\/oder Recht und\/oder eine Rechtsverbindlichkeit, die die Verarbeitung Ihrer Daten betrifft.<br \/>\nFalls Sie von einem oder mehreren der oben angef\u00fchrten Rechte Gebrauch machen m\u00f6chten, wenden Sie sich bitte unter der E-Mail-Adresse info@filasolutions.it bzw. unter der Rufnummer 049\/9467300 an uns, damit wir Ihrer Anfrage umgehend und zweckdienlich Folge leisten k\u00f6nnen. Sollten Sie keine zufriedenstellende Antwort erhalten, k\u00f6nnen Sie sich an den Garanten f\u00fcr den Schutz der personenbezogenen Daten wenden (www.garanteprivacy.it).[\/vc_column_text][\/vc_column][\/vc_row][vc_row][vc_column][vc_empty_space][\/vc_column][\/vc_row]<\/p>\n<\/div>","protected":false},"excerpt":{"rendered":"<p>[vc_row css=&#8221;.vc_custom_1576159875451{padding-top: 30px !important;}&#8221;][vc_column][vc_column_text]Wir sind die Gesellschaft FILA INDUSTRIA CHIMICA S.P.A. (im Folgenden nur \u201eFILA\u201d genannt), USt-IdNr. IT00229240288, mit Sitz in San Martino di Lupari (PD), Via Garibaldi Nr. 58, und als \u201eVerantwortlicher\u201c f\u00fcr den Schutz, die Sicherheit und die &hellip; <\/p>\n","protected":false},"author":1,"featured_media":0,"parent":0,"menu_order":0,"comment_status":"closed","ping_status":"closed","template":"","meta":{"footnotes":""},"_links":{"self":[{"href":"https:\/\/download.filasolutions.com\/de\/wp-json\/wp\/v2\/pages\/8258"}],"collection":[{"href":"https:\/\/download.filasolutions.com\/de\/wp-json\/wp\/v2\/pages"}],"about":[{"href":"https:\/\/download.filasolutions.com\/de\/wp-json\/wp\/v2\/types\/page"}],"author":[{"embeddable":true,"href":"https:\/\/download.filasolutions.com\/de\/wp-json\/wp\/v2\/users\/1"}],"replies":[{"embeddable":true,"href":"https:\/\/download.filasolutions.com\/de\/wp-json\/wp\/v2\/comments?post=8258"}],"version-history":[{"count":2,"href":"https:\/\/download.filasolutions.com\/de\/wp-json\/wp\/v2\/pages\/8258\/revisions"}],"predecessor-version":[{"id":8274,"href":"https:\/\/download.filasolutions.com\/de\/wp-json\/wp\/v2\/pages\/8258\/revisions\/8274"}],"wp:attachment":[{"href":"https:\/\/download.filasolutions.com\/de\/wp-json\/wp\/v2\/media?parent=8258"}],"curies":[{"name":"wp","href":"https:\/\/api.w.org\/{rel}","templated":true}]}}