{"id":8260,"date":"2020-02-28T11:46:55","date_gmt":"2020-02-28T11:46:55","guid":{"rendered":"https:\/\/staging-dl.filasolutions.com\/?page_id=8260"},"modified":"2020-02-28T11:46:55","modified_gmt":"2020-02-28T11:46:55","slug":"privacy-policy","status":"publish","type":"page","link":"https:\/\/download.filasolutions.com\/es\/privacy-policy\/","title":{"rendered":"Privacy policy"},"content":{"rendered":"<div class=\"wpb-content-wrapper\"><p>[vc_row css=&#8221;.vc_custom_1576159875451{padding-top: 30px !important;}&#8221;][vc_column]<div class=\"thim-widget-heading template-base\"><div class=\"sc_heading  \"><h2 class=\"title\">INFORMACI\u00d3N SOBRE EL TRATAMIENTO DE DATOS<\/h2><p class=\"sub-heading\" style=\"color:#333333;\">en virtud del art\u00edculo 13 del Reglamento (UE) 2016\/679<\/p><\/div><\/div>[vc_column_text]Somos la empresa <strong>FILA INDUSTRIA CHIMICA S.P.A.<\/strong> (en lo sucesivo, &#8220;FILA&#8221;), N.IVA IT00229240288, con sede en San Martino di Lupari (PD), v\u00eda Garibaldi n. 58, y, como &#8220;Responsable del tratamiento de datos&#8221;, somos responsables de la protecci\u00f3n, la seguridad y el uso leg\u00edtimo de sus datos.<br \/>\nLe comunicamos que esta informaci\u00f3n se proporciona \u00fanicamente para el sitio www.filasolutions.com y el blog vinculado a \u00e9l (blog.filasolutions.com), mientras que no se aplica a otros sitios web a los que se accede a trav\u00e9s de enlaces externos y pretende ser una declaraci\u00f3n realizada de conformidad con el art\u00edculo 13 de la Normativa aplicable a quienes interact\u00faan con el Sitio o con el blog vinculado a \u00e9l, todo ello de conformidad con la Recomendaci\u00f3n n\u00ba 2\/2001 sobre los requisitos m\u00ednimos para la recogida de datos online en la Uni\u00f3n Europea, adoptada el 17 de mayo de 2001 por el Grupo de Trabajo Art\u00edculo 29.<br \/>\n1. <strong>Responsable del tratamiento<\/strong><br \/>\nEn cualquier momento puede ponerse en contacto con Fila Industria Chimica SpA, &#8220;Responsable del tratamiento de datos&#8221;, correo electr\u00f3nico info@filasolutions.it o el n\u00famero de tel\u00e9fono 049\/9467300, para obtener informaci\u00f3n y\/o informar cualquier problema.<br \/>\n2. <strong>Fines y fundamento jur\u00eddico del tratamiento de datos.<\/strong><br \/>\nSus datos ser\u00e1n procesados exclusivamente para los siguientes fines:<br \/>\na) permitir que el personal especializado de FILA verifique en todo momento sus solicitudes de informaci\u00f3n, sus informes y sus solicitudes de asistencia t\u00e9cnica;<br \/>\nb) cumplir con las obligaciones precontractuales, contractuales y fiscales derivadas de las relaciones con usted;<br \/>\nc) cumplir las obligaciones impuestas por la ley, los reglamentos, la legislaci\u00f3n comunitaria o el ordenamiento de la Autoridad;<br \/>\nd) invocar o defender reclamaciones en procedimientos judiciales, administrativos, arbitrales o de conciliaci\u00f3n, con arreglo a lo dispuesto en las leyes, la legislaci\u00f3n o los reglamentos comunitarios.<br \/>\nSujeto a su consentimiento expl\u00edcito, los datos que usted proporcion\u00f3 espont\u00e1neamente o los datos de navegaci\u00f3n recopilados a trav\u00e9s de las cookies del sitio web pueden ser procesados \u200b\u200bpor el Responsable para los siguientes prop\u00f3sitos:<br \/>\ne) realizar actividades de marketing suscribi\u00e9ndose a nuestro bolet\u00edn o enviando por correo electr\u00f3nico y\/o por mensajes autom\u00e1ticos y\/o telef\u00f3nicos ofertas e iniciativas comerciales relacionadas con los productos o servicios de FILA, as\u00ed como realizar estudios de mercado u otras iniciativas de satisfacci\u00f3n del cliente promovidas por el Responsable del tratamiento;<br \/>\nf) personalizar nuestras ofertas e iniciativas comerciales en relaci\u00f3n con usted en funci\u00f3n de sus necesidades, preferencias y actitudes comerciales espec\u00edficas.<br \/>\n3. <strong>Modalidades de tratamiento de datos.<\/strong><br \/>\nEl tratamiento se realiza mediante las siguientes operaciones o series de operaciones: recopilaci\u00f3n, registro, organizaci\u00f3n, estructuraci\u00f3n, conservaci\u00f3n, adaptaci\u00f3n o modificaci\u00f3n, extracci\u00f3n, consulta, utilizaci\u00f3n, comunicaci\u00f3n por transmisi\u00f3n, difusi\u00f3n o cualquier otra forma de habilitaci\u00f3n de acceso, cotejo o interconexi\u00f3n, limitaci\u00f3n, supresi\u00f3n o destrucci\u00f3n de datos.<br \/>\nLe informamos que tambi\u00e9n utilizaremos sistemas automatizados para el almacenamiento y tratamiento de sus datos para los cuales la infrascrita ha preparado medidas t\u00e9cnicas y organizativas adecuadas.<br \/>\nLos datos no estar\u00e1n sujetos a procesos de toma de decisiones basados en un tratamiento automatizado, incluida la elaboraci\u00f3n de perfiles, pero podr\u00e1n transmitirse a uno de los Estados miembros de la Uni\u00f3n Europea.<br \/>\n4. <strong>Comunicaci\u00f3n de datos y categor\u00edas de destinatarios.<\/strong><br \/>\nLe informamos que sus datos podr\u00e1n ser transmitidos a destinatarios predeterminados con los que se hayan firmado encargos y\/o contratos espec\u00edficos que tambi\u00e9n regulan los m\u00e9todos de tratamiento de datos en nuestro nombre e imponen obligaciones de confidencialidad, as\u00ed como las medidas de seguridad adecuadas en el tratamiento de los datos, incluyendo:<br \/>\n&#8211; empleados y colaboradores de FILA;<br \/>\n&#8211; empresas o despachos profesionales que presten asistencia, consultor\u00eda o colaboraci\u00f3n en materia contable, administrativa, legal, tributaria y financiera a FILA;<br \/>\n&#8211; terceras empresas para la realizaci\u00f3n de actividades espec\u00edficas relacionadas con la consecuci\u00f3n de los fines anteriores (por ejemplo, marketing web, gesti\u00f3n y mantenimiento tecnol\u00f3gico de la plataforma web, estudios de mercado).<br \/>\nEn cualquier caso, los datos personales podr\u00e1n ser comunicados a los tribunales en el ejercicio de sus funciones cuando as\u00ed lo exija la legislaci\u00f3n de la Uni\u00f3n Europea y de los Estados miembros.<br \/>\nSu derecho a solicitar en cualquier momento al Responsable una lista actualizada y completa de los destinatarios, tal y como se ha indicado anteriormente, no se ver\u00e1 afectado.<br \/>\n5. <strong>Periodo de conservaci\u00f3n de datos<\/strong><br \/>\nSus datos se conservar\u00e1n en nuestros archivos durante el tiempo estrictamente necesario para la consecuci\u00f3n de los fines antes mencionados, a menos que la legislaci\u00f3n de la Uni\u00f3n Europea o de los Estados miembros prevea per\u00edodos m\u00e1s largos de conservaci\u00f3n para proteger los intereses leg\u00edtimos del Responsable del tratamiento y\/o en cumplimiento de las obligaciones legales.<br \/>\nPosteriormente, los datos ser\u00e1n borrados\/destruidos.<br \/>\n6. <strong>Obligaci\u00f3n\/facultad de proporcionar datos personales<\/strong><br \/>\nCabe se\u00f1alar que la comunicaci\u00f3n de sus datos personales es necesaria con el prop\u00f3sito de que el personal especializado de la FILA env\u00ede respuestas (informaci\u00f3n, informes, asistencia t\u00e9cnica) a sus solicitudes. Por lo tanto, sin su comunicaci\u00f3n, la FILA no podr\u00e1 cumplir con lo que se requiere.<br \/>\nPor lo que se refiere a los datos comunicados con fines de comercializaci\u00f3n y elaboraci\u00f3n de perfiles (letras e y f), debe tenerse en cuenta que la comunicaci\u00f3n es facultativa y que la FILA estar\u00e1 autorizada a tratar dichos datos para tales fines solo despu\u00e9s de recabar su consentimiento y hasta que este sea revocado.<br \/>\n7. <strong>Derechos del interesado.<\/strong><br \/>\nEstamos obligados a responder a sus solicitudes para saber c\u00f3mo y por qu\u00e9 procesamos sus datos; tambi\u00e9n estamos obligados a rectificar datos inexactos, integrar datos incompletos y actualizar datos desactualizados; por \u00faltimo, estamos obligados a borrar los datos y limitar su tratamiento por motivos leg\u00edtimos, as\u00ed como a transmitirle los datos a usted y\/o a terceros indicados por usted; estamos obligados a interrumpir el tratamiento si usted ya no est\u00e1 de acuerdo, a menos que exista un inter\u00e9s y\/o un derecho y\/o una obligaci\u00f3n legal para su tratamiento.<br \/>\nSi desea ejercer uno o m\u00e1s de los derechos anteriores, p\u00f3ngase en contacto con nosotros enviando una solicitud a info@filasolutions.it, o llamando al n\u00famero 049\/9467300, para que podamos responder r\u00e1pida y eficazmente a su solicitud. Si no est\u00e1 satisfecho con la respuesta, puede ponerse en contacto con el Supervisor de Protecci\u00f3n de Datos (www.garanteprivacy.it).[\/vc_column_text][\/vc_column][\/vc_row][vc_row][vc_column][vc_empty_space][\/vc_column][\/vc_row]<\/p>\n<\/div>","protected":false},"excerpt":{"rendered":"<p>[vc_row css=&#8221;.vc_custom_1576159875451{padding-top: 30px !important;}&#8221;][vc_column][vc_column_text]Somos la empresa FILA INDUSTRIA CHIMICA S.P.A. (en lo sucesivo, &#8220;FILA&#8221;), N.IVA IT00229240288, con sede en San Martino di Lupari (PD), v\u00eda Garibaldi n. 58, y, como &#8220;Responsable del tratamiento de datos&#8221;, somos responsables de la protecci\u00f3n, &hellip; <\/p>\n","protected":false},"author":1,"featured_media":0,"parent":0,"menu_order":0,"comment_status":"closed","ping_status":"closed","template":"","meta":{"footnotes":""},"_links":{"self":[{"href":"https:\/\/download.filasolutions.com\/es\/wp-json\/wp\/v2\/pages\/8260"}],"collection":[{"href":"https:\/\/download.filasolutions.com\/es\/wp-json\/wp\/v2\/pages"}],"about":[{"href":"https:\/\/download.filasolutions.com\/es\/wp-json\/wp\/v2\/types\/page"}],"author":[{"embeddable":true,"href":"https:\/\/download.filasolutions.com\/es\/wp-json\/wp\/v2\/users\/1"}],"replies":[{"embeddable":true,"href":"https:\/\/download.filasolutions.com\/es\/wp-json\/wp\/v2\/comments?post=8260"}],"version-history":[{"count":2,"href":"https:\/\/download.filasolutions.com\/es\/wp-json\/wp\/v2\/pages\/8260\/revisions"}],"predecessor-version":[{"id":8275,"href":"https:\/\/download.filasolutions.com\/es\/wp-json\/wp\/v2\/pages\/8260\/revisions\/8275"}],"wp:attachment":[{"href":"https:\/\/download.filasolutions.com\/es\/wp-json\/wp\/v2\/media?parent=8260"}],"curies":[{"name":"wp","href":"https:\/\/api.w.org\/{rel}","templated":true}]}}