{"id":8031,"date":"2020-02-12T11:40:11","date_gmt":"2020-02-12T11:40:11","guid":{"rendered":"https:\/\/staging-dl.filasolutions.com\/registrazione\/"},"modified":"2023-11-28T14:06:04","modified_gmt":"2023-11-28T14:06:04","slug":"enregistrement","status":"publish","type":"page","link":"https:\/\/download.filasolutions.com\/fr\/enregistrement\/","title":{"rendered":"Enregistrement"},"content":{"rendered":"<div class=\"wpb-content-wrapper\"><p>[vc_row full_height=&#8221;yes&#8221; columns_placement=&#8221;top&#8221; css=&#8221;.vc_custom_1582295044736{padding-top: 30px !important;}&#8221;][vc_column][vc_single_image image=&#8221;9767&#8243; img_size=&#8221;250&#8243; alignment=&#8221;center&#8221;]<div class=\"thim-widget-heading template-base\"><div class=\"sc_heading  text-center\"><h3 class=\"title\">Bienvenue sur la page d'enregistrement de la Section r\u00e9serv\u00e9e FILA<\/h3><p class=\"sub-heading\" style=\"\">Remplissez le formulaire ci-dessous pour cr\u00e9er votre compte et acc\u00e9der aux documents qui vous sont r\u00e9serv\u00e9s.<\/p><\/div><\/div><div class=\"pc_aligned_form pc_falign_center\"><form id=\"pc_rf_69d05c0aae4fb\" class=\"pvtcont_form pc_registration_form pc_one_col_form \"  data-pc_redirect=\"https:\/\/download.filasolutions.com\/\" data-form-pag=\"1\" data-form-id=\"ycjN5kDN2UjM\" novalidate><fieldset class=\"pc_form_flist pc_f_pag_1  \">                    <section class=\"pc_form_field pc_text_ftype pc_f_username\" data-fname=\"username\">                        <label>Identifiant <sup class=\"pc_req_field\">&#10033;<\/sup><\/label>                        <div class=\"pc_field_container\">                                                        <input type=\"text\" name=\"username\" value=\"\" maxlength=\"150\" required=\"required\"  autocomplete=\"off\"  \/>                                                    <\/div>                    <\/section>                    <section class=\"pc_form_field pc_password_ftype pc_f_psw\" data-fname=\"psw\">                        <label>                            Mot de passe <sup class=\"pc_req_field\">&#10033;<\/sup>                        <\/label>                        <div class=\"pc_field_container\">                                                        <input type=\"password\" name=\"psw\"  value=\"\" minlength=\"4\" maxlength=\"50\" autocapitalize=\"off\" autocomplete=\"new-password\" autocorrect=\"off\" required=\"required\" \/>                                                    <\/div>                    <\/section>                        <section class=\"pc_form_field pc_password_ftype pc_f_psw pc_psw_confirm \" data-fname=\"psw\">                            <label>R\u00e9p\u00e9ter le mot de passe  <sup class=\"pc_req_field\">&#10033;<\/sup><\/label>                            <div class=\"pc_field_container\">                                                                <input type=\"password\" name=\"check_psw\" value=\"\" minlength=\"4\" maxlength=\"50\" autocapitalize=\"off\" autocomplete=\"new-password\" autocorrect=\"off\" required=\"required\" placeholder=\"\" \/>                            <\/div>                        <\/section>                    <section class=\"pc_form_field pc_text_ftype pc_f_name\" data-fname=\"name\">                        <label>Pr\u00e8nom <sup class=\"pc_req_field\">&#10033;<\/sup><\/label>                        <div class=\"pc_field_container\">                                                        <input type=\"text\" name=\"name\" value=\"\" maxlength=\"150\" required=\"required\"  autocomplete=\"off\"  \/>                                                    <\/div>                    <\/section>                    <section class=\"pc_form_field pc_text_ftype pc_f_surname\" data-fname=\"surname\">                        <label>Nom <sup class=\"pc_req_field\">&#10033;<\/sup><\/label>                        <div class=\"pc_field_container\">                                                        <input type=\"text\" name=\"surname\" value=\"\" maxlength=\"150\" required=\"required\"  autocomplete=\"off\"  \/>                                                    <\/div>                    <\/section>                    <section class=\"pc_form_field pc_text_ftype pc_f_email pc_email_subtype\" data-fname=\"email\">                        <label>Courriel <sup class=\"pc_req_field\">&#10033;<\/sup><\/label>                        <div class=\"pc_field_container\">                                                        <input type=\"email\" name=\"email\" value=\"\" maxlength=\"255\" required=\"required\"  autocomplete=\"off\"  \/>                                                    <\/div>                    <\/section>                    <section class=\"pc_form_field pc_text_ftype pc_f_azienda\" data-fname=\"azienda\">                        <label>Entreprise <sup class=\"pc_req_field\">&#10033;<\/sup><\/label>                        <div class=\"pc_field_container\">                                                        <input type=\"text\" name=\"azienda\" value=\"\" maxlength=\"255\" required=\"required\"  autocomplete=\"off\"  \/>                                                    <\/div>                    <\/section>                    <section class=\"pc_form_field pc_text_ftype pc_f_partita-iva\" data-fname=\"partita-iva\">                        <label>Partita Iva <sup class=\"pc_req_field\">&#10033;<\/sup><\/label>                        <div class=\"pc_field_container\">                                                        <input type=\"text\" name=\"partita-iva\" value=\"\" maxlength=\"255\" required=\"required\"  autocomplete=\"off\"  \/>                                                    <\/div>                    <\/section>                    <section class=\"pc_form_field pc_text_ftype pc_f_nazione\" data-fname=\"nazione\">                        <label>Pays <sup class=\"pc_req_field\">&#10033;<\/sup><\/label>                        <div class=\"pc_field_container\">                                                        <input type=\"text\" name=\"nazione\" value=\"\" maxlength=\"255\" required=\"required\"  autocomplete=\"off\"  \/>                                                    <\/div>                    <\/section>                    <section class=\"pc_form_field pc_select_ftype pc_f_lingua pc_singleselect\" data-fname=\"lingua\">                        <label>Langue <sup class=\"pc_req_field\">&#10033;<\/sup><\/label>                        <div class=\"pc_field_container\">                                                        <select name=\"lingua\"  required=\"required\" data-placeholder=\"\" autocomplete=\"off\"><option value=\"ITALIANO\" selected=\"selected\">ITALIANO<\/option><option value=\"ENGLISH\" >ENGLISH<\/option><option value=\"ESPANOL\" >ESPANOL<\/option><option value=\"DEUTSCH\" >DEUTSCH<\/option><option value=\"FRANCAIS\" >FRANCAIS<\/option>                            <\/select>                                                    <\/div>                    <\/section>                    <section class=\"pc_form_field pc_select_ftype pc_f_categories pc_singleselect\" data-fname=\"categories\">                        <label>Activit\u00e9s <sup class=\"pc_req_field\">&#10033;<\/sup><\/label>                        <div class=\"pc_field_container\">                                                        <select name=\"categories\"  required=\"required\" data-placeholder=\"\" autocomplete=\"off\"><option value=\"12\" >AGENTE<\/option><option value=\"11\" >APPLICATORE<\/option><option value=\"999\" >DIRETTI FILA<\/option><option value=\"8\" >PRIVATO<\/option><option value=\"13\" >PRODUTTORE<\/option><option value=\"10\" >PROFESSIONISTA<\/option><option value=\"9\" >RIVENDITORE<\/option>                            <\/select>                                                    <\/div>                    <\/section><div class=\"pc_hnpt_code\"><input type=\"text\" name=\"pc_hnpt_1\" value=\"\" autocomplete=\"off\" \/><input type=\"text\" name=\"pc_hnpt_2\" value=\"1310350\" autocomplete=\"off\" required \/><input type=\"text\" name=\"pc_hnpt_3\" value=\"200502928\" autocomplete=\"off\" required \/><\/div><section class=\"pc_disclaimer_f_sep pc_fullw_field\"><\/section>                        <section class=\"pc_disclaimer_f pc_fullw_field pc_form_field pc_single_checkbox_ftype pc_f_pc_disclaimer\" data-fname=\"pc_disclaimer\">                            <input type=\"checkbox\" name=\"pc_disclaimer\" value=\"1\"  required=\"required\" autocomplete=\"off\" \/>                            <div class=\"pc_disclaimer_ftxt\">Je confirme les dispositions sur les <a href=\"https:\/\/download.filasolutions.com\/fr\/privacy-policy\/\">donn\u00e9es personnelles.<\/a><\/div>                        <\/section><\/fieldset><div class=\"pc_form_response pc_reg_message\"><\/div><button class=\"pc_reg_btn  \" type=\"submit\">                <span class=\"pc_inner_btn\">Soumettre<\/span>            <\/button><\/form><\/div>[vc_row_inner][vc_column_inner width=&#8221;1\/3&#8243;][\/vc_column_inner][vc_column_inner width=&#8221;1\/3&#8243;][vc_column_text]<\/p>\n<p style=\"text-align: center;\">Vous avez d\u00e9j\u00e0 un compte ? Cliquez <a href=\"https:\/\/download.filasolutions.com\/fr\">ici<\/a><\/p>\n<p>[\/vc_column_text][\/vc_column_inner][vc_column_inner width=&#8221;1\/3&#8243;][\/vc_column_inner][\/vc_row_inner][vc_empty_space height=&#8221;50px&#8221;][\/vc_column][\/vc_row]<\/p>\n<\/div>","protected":false},"excerpt":{"rendered":"<p>[vc_row full_height=&#8221;yes&#8221; columns_placement=&#8221;top&#8221; css=&#8221;.vc_custom_1582295044736{padding-top: 30px !important;}&#8221;][vc_column][vc_single_image image=&#8221;9767&#8243; img_size=&#8221;250&#8243; alignment=&#8221;center&#8221;][vc_row_inner][vc_column_inner width=&#8221;1\/3&#8243;][\/vc_column_inner][vc_column_inner width=&#8221;1\/3&#8243;][vc_column_text] Vous avez d\u00e9j\u00e0 un compte ? Cliquez ici [\/vc_column_text][\/vc_column_inner][vc_column_inner width=&#8221;1\/3&#8243;][\/vc_column_inner][\/vc_row_inner][vc_empty_space height=&#8221;50px&#8221;][\/vc_column][\/vc_row]<\/p>\n","protected":false},"author":1,"featured_media":0,"parent":0,"menu_order":0,"comment_status":"closed","ping_status":"closed","template":"page-templates\/blank-page.php","meta":{"footnotes":""},"_links":{"self":[{"href":"https:\/\/download.filasolutions.com\/fr\/wp-json\/wp\/v2\/pages\/8031"}],"collection":[{"href":"https:\/\/download.filasolutions.com\/fr\/wp-json\/wp\/v2\/pages"}],"about":[{"href":"https:\/\/download.filasolutions.com\/fr\/wp-json\/wp\/v2\/types\/page"}],"author":[{"embeddable":true,"href":"https:\/\/download.filasolutions.com\/fr\/wp-json\/wp\/v2\/users\/1"}],"replies":[{"embeddable":true,"href":"https:\/\/download.filasolutions.com\/fr\/wp-json\/wp\/v2\/comments?post=8031"}],"version-history":[{"count":6,"href":"https:\/\/download.filasolutions.com\/fr\/wp-json\/wp\/v2\/pages\/8031\/revisions"}],"predecessor-version":[{"id":9778,"href":"https:\/\/download.filasolutions.com\/fr\/wp-json\/wp\/v2\/pages\/8031\/revisions\/9778"}],"wp:attachment":[{"href":"https:\/\/download.filasolutions.com\/fr\/wp-json\/wp\/v2\/media?parent=8031"}],"curies":[{"name":"wp","href":"https:\/\/api.w.org\/{rel}","templated":true}]}}