{"id":8261,"date":"2020-02-28T11:46:04","date_gmt":"2020-02-28T11:46:04","guid":{"rendered":"https:\/\/staging-dl.filasolutions.com\/?page_id=8261"},"modified":"2020-02-28T11:46:04","modified_gmt":"2020-02-28T11:46:04","slug":"privacy-policy","status":"publish","type":"page","link":"https:\/\/download.filasolutions.com\/fr\/privacy-policy\/","title":{"rendered":"Privacy policy"},"content":{"rendered":"<div class=\"wpb-content-wrapper\"><p>[vc_row css=&#8221;.vc_custom_1576159875451{padding-top: 30px !important;}&#8221;][vc_column]<div class=\"thim-widget-heading template-base\"><div class=\"sc_heading  \"><h2 class=\"title\">INFORMATIONS SUR LE TRAITEMENT DES DONN\u00c9ES<\/h2><p class=\"sub-heading\" style=\"color:#333333;\">en vertu de l\u2019article 13 du R\u00e8glement (UE) 2016\/679,<\/p><\/div><\/div>[vc_column_text]La soci\u00e9t\u00e9 <strong>FILA INDUSTRIA CHIMICA S.P.A.<\/strong> (d\u00e9nomm\u00e9e ci-apr\u00e8s \u00ab FILA \u00bb), ayant pour n\u00b0 de T.V.A. le IT00229240288, son si\u00e8ge social \u00e0 San Martino di Lupari (province de Padoue), via Garibaldi n\u00b058, et, en sa qualit\u00e9 de \u00ab Responsable du traitement des donn\u00e9es \u00e0 caract\u00e8re personnel \u00bb, est responsable de la protection, de la s\u00e9curit\u00e9 et de l\u2019utilisation l\u00e9gale de vos donn\u00e9es \u00e0 caract\u00e8re personnel.<br \/>\nNous vous informons que cette note d\u2019information n\u2019est fournie que pour le site www.filasolutions.com et le blog qui lui est li\u00e9 (blog.filasolutions.com), alors qu&#8217;elle ne s&#8217;applique pas aux autres sites web accessibles par des liens externes. Elle est destin\u00e9e \u00e0 constituer une d\u00e9claration faite conform\u00e9ment \u00e0 l&#8217;article 13 du R\u00e8glement applicable \u00e0 ceux qui interagissent avec le Site ou avec le blog qui lui est li\u00e9, le tout conform\u00e9ment \u00e0 la Recommandation n\u00b0 2\/2001, sur les exigences minimales pour la collecte de donn\u00e9es en ligne dans l&#8217;Union europ\u00e9enne, adopt\u00e9e le 17 mai 2001 par le Groupe de travail Article 29.<br \/>\n1. <strong>Responsable du traitement<\/strong><br \/>\nVous pourrez, \u00e0 tout moment, vous adresser \u00e0 Fila Industria Chimica S.p.A., \u00ab Responsable du traitement des donn\u00e9es \u00bb, \u00e0 l\u2019adresse e-mail info@filasolutions.it ou par t\u00e9l\u00e9phone au num\u00e9ro 049\/9467300, pour obtenir toute information et\/ou signaler tout probl\u00e8me.<br \/>\n2. <strong>Finalit\u00e9 et base juridique du traitement des donn\u00e9es.<\/strong><br \/>\nVos donn\u00e9es \u00e0 caract\u00e8re personnel seront trait\u00e9es exclusivement aux fins suivantes :<br \/>\na) pour permettre au personnel sp\u00e9cialis\u00e9 de FILA de v\u00e9rifier \u00e0 tout moment vos demandes d&#8217;information, vos signalisations et vos demandes d&#8217;assistance technique ;<br \/>\nb) pour remplir les obligations pr\u00e9contractuelles, contractuelles et fiscales d\u00e9coulant des rapports \u00e9tablis avec vous ;<br \/>\nc) pour remplir les obligations pr\u00e9vues par la loi, un r\u00e8glement, la r\u00e9glementation communautaire ou sur ordre des autorit\u00e9s ;<br \/>\nd) pour \u00e9tablir ou d\u00e9fendre une action en justice, aussi bien administrative ou dans les proc\u00e9dures d\u2019arbitrage et de conciliation dans les cas pr\u00e9vus par la loi, par la r\u00e9glementation communautaire, par les r\u00e8glements.<br \/>\nSous r\u00e9serve de votre consentement explicite, les donn\u00e9es, que vous nous fournissez volontairement ou les donn\u00e9es de navigation collect\u00e9es \u00e0 travers les cookies du site, pourront \u00eatre trait\u00e9es par le Responsable m\u00eame dans les buts suivants :<br \/>\ne) pour effectuer des activit\u00e9s de marketing par l\u2019inscription \u00e0 notre newsletter ou en envoyant un e-mail et\/ou par des messages automatis\u00e9s et\/ou par t\u00e9l\u00e9phone pour les offres et les initiatives commerciales sur les produits ou les services de FILA ainsi qu\u2019\u00e0 la r\u00e9alisation d\u2019\u00e9tudes de march\u00e9 ou d\u2019autres initiatives de satisfaction du client, promues par le Responsable ;<br \/>\nf) pour personnaliser nos offres et nos initiatives commerciales \u00e0 votre sujet, sur la base de vos exigences sp\u00e9cifiques, pr\u00e9f\u00e9rences et attitudes commerciales.<br \/>\n3. <strong>Modalit\u00e9s du traitement des donn\u00e9es<\/strong><br \/>\nLe traitement est r\u00e9alis\u00e9 au moyen des op\u00e9rations ou ensemble d\u2019op\u00e9rations suivantes : la collecte, l\u2019enregistrement, l\u2019organisation, la structuration, la conservation, l\u2019adaptation ou la modification, l\u2019extraction, la consultation, l\u2019utilisation, la communication par transmission, la diffusion ou toute autre forme de mise \u00e0 disposition, le rapprochement ou l\u2019interconnexion, la limitation, l\u2019effacement ou la destruction des donn\u00e9es.<br \/>\nNous vous pr\u00e9cisons que nous utiliserons aussi des syst\u00e8mes automatis\u00e9s pour l\u2019archivage et le traitement de vos donn\u00e9es \u00e0 caract\u00e8re personnel pour lesquelles, la soci\u00e9t\u00e9, par la pr\u00e9sente, a pr\u00e9vu des mesures techniques et organisationnelles appropri\u00e9es.<br \/>\nLes donn\u00e9es ne seront pas soumises \u00e0 des processus de prise de d\u00e9cision sur la base de traitements automatis\u00e9s, y compris le profilage, mais pourront \u00eatre transmis dans l&#8217;un des \u00c9tats membres de l&#8217;Union europ\u00e9enne.<br \/>\n4. <strong>Communication des donn\u00e9es et cat\u00e9gories de destinataires.<\/strong><br \/>\nDe plus, nous vous informons que vos donn\u00e9es \u00e0 caract\u00e8re personnel seront communiqu\u00e9es \u00e0 des destinataires pr\u00e9d\u00e9termin\u00e9s, avec lesquels nous avons souscrit des mandats et\/ou des contrats sp\u00e9cifiques qui r\u00e9gissent aussi les modalit\u00e9s de traitement des donn\u00e9es, en notre nom, et imposent des obligations de confidentialit\u00e9 ainsi que des mesures de s\u00e9curit\u00e9 appropri\u00e9es dans le traitement des donn\u00e9es, parmi lesquels :<br \/>\n&#8211; les salari\u00e9s et les collaborateurs de la soci\u00e9t\u00e9 FILA ;<br \/>\n&#8211; les soci\u00e9t\u00e9s ou les cabinets professionnels qui, en faveur de la soci\u00e9t\u00e9 FILA, fournissent des activit\u00e9s d\u2019assistance, de conseil ou de collaboration en mati\u00e8re comptable, administrative, juridique, fiscale et financi\u00e8re.<br \/>\n&#8211; des entreprises tiers pour l&#8217;ex\u00e9cution d&#8217;activit\u00e9s sp\u00e9cifiques relatives \u00e0 la poursuite des objectifs mentionn\u00e9s ci-dessus (par exemple : le cybermarketing, la gestion de la technologie et de maintenance de la plate-forme Web, les \u00e9tudes de march\u00e9).<br \/>\nEn tout \u00e9tat de cause, les donn\u00e9es \u00e0 caract\u00e8re personnel pourront \u00eatre communiqu\u00e9es aux juridictions dans l\u2019exercice de leurs fonctions lorsque la r\u00e8glementation, en vigueur dans l\u2019Union europ\u00e9enne et les \u00e9tats membres, l\u2019exige.<br \/>\nIl est entendu que vous pouvez, \u00e0 tout moment, demander au Responsable la liste mise \u00e0 jour et compl\u00e8te des destinataires pr\u00e9d\u00e9termin\u00e9s comme pr\u00e9cis\u00e9 plus haut.<br \/>\n5. <strong>Dur\u00e9e de conservation des donn\u00e9es<\/strong><br \/>\nVos donn\u00e9es seront conserv\u00e9es dans nos archives pendant le temps strictement n\u00e9cessaire \u00e0 la poursuite des objectifs susmentionn\u00e9s, \u00e0 moins que la l\u00e9gislation de l&#8217;Union europ\u00e9enne ou des \u00c9tats membres ne pr\u00e9voie des p\u00e9riodes de conservation plus longues pour prot\u00e9ger les int\u00e9r\u00eats l\u00e9gitimes du Responsable du traitement et\/ou conform\u00e9ment aux obligations l\u00e9gales.<br \/>\nApr\u00e8s quoi, les donn\u00e9es seront effac\u00e9es\/d\u00e9truites.<br \/>\n6. <strong>Obligation \/ facult\u00e9 de fournir les donn\u00e9es \u00e0 caract\u00e8re personnel<\/strong><br \/>\nNous pr\u00e9cisons que la communication de vos donn\u00e9es \u00e0 caract\u00e8re personnel est n\u00e9cessaire pour que le personnel sp\u00e9cialis\u00e9 de FILA puisse r\u00e9pondre \u00e0 vos demandes (informations, rapports, assistance technique). Par cons\u00e9quent, sans leur communication, FILA ne sera pas en mesure de se conformer \u00e0 ce qui est demand\u00e9.<br \/>\nEn ce qui concerne les donn\u00e9es communiqu\u00e9es \u00e0 des fins de marketing et de profilage (lettres e et f), il convient de noter que leur communication est facultative et que FILA sera autoris\u00e9e au traitement pour ces fins seulement apr\u00e8s avoir re\u00e7u votre consentement et ce, jusqu&#8217;\u00e0 la r\u00e9vocation de ce dernier.<br \/>\n7. <strong>Droit de la personne concern\u00e9e.<\/strong><br \/>\nNous avons pour obligation de vous communiquer, sur demande, le mode de traitement de vos donn\u00e9es \u00e0 caract\u00e8re personnel ainsi que les raisons de ce traitement ; nous avons aussi pour obligation de rectifier les donn\u00e9es inexactes, d\u2019int\u00e9grer des donn\u00e9es incompl\u00e8tes et de mettre \u00e0 jour des donn\u00e9es obsol\u00e8tes ; enfin, nous avons pour obligation d\u2019effacer les donn\u00e9es et d\u2019en limiter le traitement, pour des motifs l\u00e9gitimes, et de vous transmettre les donn\u00e9es et\/ou \u00e0 des tiers que vous nous aurez indiqu\u00e9s ; nous avons pour obligation d\u2019interrompre tout traitement en cas de d\u00e9saccord de votre part sauf si ceci demeure de notre int\u00e9r\u00eat et\/ou s\u2019il subsiste un droit et\/ou une obligation l\u00e9gale concernant ledit traitement.<br \/>\nSi vous avez l\u2019intention d\u2019exercer un ou plusieurs des droits indiqu\u00e9s plus haut, nous vous invitons \u00e0 envoyer une demande \u00e0 l\u2019adresse info@filasolutions.it, ou \u00e0 appeler le num\u00e9ro 0039 049\/9467300, afin de nous permettre de contr\u00f4ler rapidement et efficacement votre demande. Si notre r\u00e9ponse ne vous satisfait pas, vous pourrez toujours vous adresser au Contr\u00f4leur de la protection des donn\u00e9es \u00e0 caract\u00e8re personnel. (www.garanteprivacy.it).[\/vc_column_text][\/vc_column][\/vc_row][vc_row][vc_column][vc_empty_space][\/vc_column][\/vc_row]<\/p>\n<\/div>","protected":false},"excerpt":{"rendered":"<p>[vc_row css=&#8221;.vc_custom_1576159875451{padding-top: 30px !important;}&#8221;][vc_column][vc_column_text]La soci\u00e9t\u00e9 FILA INDUSTRIA CHIMICA S.P.A. (d\u00e9nomm\u00e9e ci-apr\u00e8s \u00ab FILA \u00bb), ayant pour n\u00b0 de T.V.A. le IT00229240288, son si\u00e8ge social \u00e0 San Martino di Lupari (province de Padoue), via Garibaldi n\u00b058, et, en sa qualit\u00e9 de &hellip; <\/p>\n","protected":false},"author":1,"featured_media":0,"parent":0,"menu_order":0,"comment_status":"closed","ping_status":"closed","template":"","meta":{"footnotes":""},"_links":{"self":[{"href":"https:\/\/download.filasolutions.com\/fr\/wp-json\/wp\/v2\/pages\/8261"}],"collection":[{"href":"https:\/\/download.filasolutions.com\/fr\/wp-json\/wp\/v2\/pages"}],"about":[{"href":"https:\/\/download.filasolutions.com\/fr\/wp-json\/wp\/v2\/types\/page"}],"author":[{"embeddable":true,"href":"https:\/\/download.filasolutions.com\/fr\/wp-json\/wp\/v2\/users\/1"}],"replies":[{"embeddable":true,"href":"https:\/\/download.filasolutions.com\/fr\/wp-json\/wp\/v2\/comments?post=8261"}],"version-history":[{"count":2,"href":"https:\/\/download.filasolutions.com\/fr\/wp-json\/wp\/v2\/pages\/8261\/revisions"}],"predecessor-version":[{"id":8273,"href":"https:\/\/download.filasolutions.com\/fr\/wp-json\/wp\/v2\/pages\/8261\/revisions\/8273"}],"wp:attachment":[{"href":"https:\/\/download.filasolutions.com\/fr\/wp-json\/wp\/v2\/media?parent=8261"}],"curies":[{"name":"wp","href":"https:\/\/api.w.org\/{rel}","templated":true}]}}